{"id":29522,"date":"2026-03-28T22:07:29","date_gmt":"2026-03-28T21:07:29","guid":{"rendered":"https:\/\/physio-harmonie.ch\/?page_id=29522"},"modified":"2026-03-28T22:15:25","modified_gmt":"2026-03-28T21:15:25","slug":"methoden","status":"publish","type":"page","link":"https:\/\/physio-harmonie.ch\/fr\/methoden\/","title":{"rendered":"M\u00e9thodes"},"content":{"rendered":"<p class=\"has-medium-font-size\"><strong><mark style=\"background-color:rgba(0, 0, 0, 0)\" class=\"has-inline-color has-luminous-vivid-orange-color\">&nbsp;<\/mark><\/strong>Nous utilisons principalement les m\u00e9thodes de traitement suivantes:<\/p>\n\n\n\n<ul class=\"wp-block-list\">\n<li>Th\u00e9rapie manuelle (Mobilisation des articulations, muscles, fascias, peau, cicatrices) SAMT\/FOI\/Mulligan<\/li>\n\n\n\n<li>Drainage lymphatique manuel et bandages (Physioth\u00e9rapie complexe d\u00e9congestive)<\/li>\n\n\n\n<li>Physioth\u00e9rapie sp\u00e9cifique lors de vertiges<\/li>\n\n\n\n<li>GLA:D Arthrose<\/li>\n\n\n\n<li>Neuror\u00e9habilitation (Bobath)<\/li>\n\n\n\n<li>Entra\u00eenement de la force et de l\u2019\u00e9quilibre par des exercices actifs<\/li>\n\n\n\n<li>Entra\u00eenement neurocentrique<\/li>\n\n\n\n<li>PNF (Facilitation neuromusculaire proprioceptive)<\/li>\n\n\n\n<li>Spiraldynamik (membres inf\u00e9rieurs)<\/li>\n\n\n\n<li>R\u00e9\u00e9ducation de la marche<\/li>\n\n\n\n<li>Physikalische Therapie (W\u00e4rmepackungen, Ultraschall, Elektrotherapie).<\/li>\n<\/ul>\n\n\n\n<p><\/p>","protected":false},"excerpt":{"rendered":"<p>&nbsp;Nous utilisons principalement les m\u00e9thodes de traitement suivantes:<\/p>","protected":false},"author":1,"featured_media":0,"parent":0,"menu_order":0,"comment_status":"closed","ping_status":"closed","template":"","meta":{"_et_pb_use_builder":"off","_et_pb_old_content":"<!-- wp:paragraph {\"fontSize\":\"medium\"} -->\n<p class=\"has-medium-font-size\"><strong><mark style=\"background-color:rgba(0, 0, 0, 0)\" class=\"has-inline-color has-luminous-vivid-orange-color\">Physiotherapeutische Leistungen auf \u00e4rztliche Verordnung&nbsp;<\/mark><\/strong><\/p>\n<!-- \/wp:paragraph -->\n\n<!-- wp:paragraph -->\n<p>Eine physiotherapeutische Behandlung, die auf \u00e4rztliche Verordnung durchgef\u00fchrt wird, wird von Ihrer Versicherung \u00fcbernommen. Die physiotherapeutische Leistungen werden direkt Ihrer Kranken- (KVG- Grundversicherung), Unfall- (UVG), Invaliden- (IV) oder Milit\u00e4rversicherung (MV) verrechnet.<\/p>\n<!-- \/wp:paragraph -->\n\n<!-- wp:paragraph -->\n<p>Seit dem 1. Januar 2018 gilt f\u00fcr die ambulante Physiotherapie in der ganzen Schweiz die folgende Tarifstruktur:<\/p>\n<!-- \/wp:paragraph -->\n\n<!-- wp:list -->\n<ul class=\"wp-block-list\"><!-- wp:list-item -->\n<li>Gem\u00e4ss den Tarifvertr\u00e4gen mit den Krankenkassen, f\u00fcr Krankheitsf\u00e4lle.:<\/li>\n<!-- \/wp:list-item --><\/ul>\n<!-- \/wp:list -->\n\n<!-- wp:paragraph -->\n<p>           Taxpunktwert f\u00fcr den Kanton Bern CHF 1.03.<\/p>\n<!-- \/wp:paragraph -->\n\n<!-- wp:list -->\n<ul class=\"wp-block-list\"><!-- wp:list-item -->\n<li>Gem\u00e4ss UVG\/IV\/MV, f\u00fcr Unfallf\u00e4lle, Invaliden- und Milit\u00e4rversicherung:<\/li>\n<!-- \/wp:list-item --><\/ul>\n<!-- \/wp:list -->\n\n<!-- wp:paragraph -->\n<p>           Taxpunktwert f\u00fcr den Kanton Bern CHF 1.00.<\/p>\n<!-- \/wp:paragraph -->\n\n<!-- wp:paragraph -->\n<p><\/p>\n<!-- \/wp:paragraph -->\n\n<!-- wp:paragraph -->\n<p><a href=\"https:\/\/www.physioswiss.ch\/fr\/tarifs\/assurance-maladie\" target=\"_blank\" rel=\"noreferrer noopener\">https:\/\/www.physioswiss.ch\/fr\/tarifs\/assurance-maladie<\/a><\/p>\n<!-- \/wp:paragraph -->\n\n<!-- wp:paragraph -->\n<p><a href=\"https:\/\/www.physioswiss.ch\/fr\/tarifs\/assurance-accident\" target=\"_blank\" rel=\"noreferrer noopener\">https:\/\/www.physioswiss.ch\/fr\/tarifs\/assurance-accident<\/a><\/p>\n<!-- \/wp:paragraph -->\n\n<!-- wp:columns -->\n<div class=\"wp-block-columns\"><!-- wp:column {\"width\":\"100%\"} -->\n<div class=\"wp-block-column\" style=\"flex-basis:100%\"><!-- wp:table {\"hasFixedLayout\":false,\"className\":\"is-style-stripes\",\"style\":{\"typography\":{\"fontStyle\":\"normal\",\"fontWeight\":\"500\"},\"color\":{\"gradient\":\"linear-gradient(90deg,rgb(238,238,238) 0%,rgb(169,184,195) 49%)\",\"text\":\"#623704\"}}} -->\n<figure class=\"wp-block-table is-style-stripes\" style=\"font-style:normal;font-weight:500\"><table class=\"has-text-color has-background\" style=\"color:#623704;background:linear-gradient(90deg,rgb(238,238,238) 0%,rgb(169,184,195) 49%)\"><thead><tr><th class=\"has-text-align-center\" data-align=\"center\">Ziffer<\/th><th class=\"has-text-align-left\" data-align=\"left\">Behandlungstart<\/th><th class=\"has-text-align-left\" data-align=\"left\">Taxpunkte<\/th><th class=\"has-text-align-center\" data-align=\"center\">KVG Tarif<br>(CHF)<\/th><th class=\"has-text-align-center\" data-align=\"center\">UV\/IV\/MV Tarif  (CHF)<\/th><\/tr><\/thead><tbody><tr><td class=\"has-text-align-center\" data-align=\"center\">7301<\/td><td class=\"has-text-align-left\" data-align=\"left\">Einzelsitzung f\u00fcr allgemeine Physiotherapie<\/td><td class=\"has-text-align-left\" data-align=\"left\">48<\/td><td class=\"has-text-align-center\" data-align=\"center\">49.44 <\/td><td class=\"has-text-align-center\" data-align=\"center\">48.- <\/td><\/tr><tr><td class=\"has-text-align-center\" data-align=\"center\">7311<\/td><td class=\"has-text-align-left\" data-align=\"left\">Einzelsitzung f\u00fcr komplexe Physiotherapie<\/td><td class=\"has-text-align-left\" data-align=\"left\">77<\/td><td class=\"has-text-align-center\" data-align=\"center\">79.31 <\/td><td class=\"has-text-align-center\" data-align=\"center\">77.- <\/td><\/tr><tr><td class=\"has-text-align-center\" data-align=\"center\">7350<\/td><td class=\"has-text-align-left\" data-align=\"left\">Zuschlagsposition f\u00fcr die erste Behandlung<\/td><td class=\"has-text-align-left\" data-align=\"left\">24<\/td><td class=\"has-text-align-center\" data-align=\"center\">24.72 <\/td><td class=\"has-text-align-center\" data-align=\"center\">24.-<\/td><\/tr><tr><td class=\"has-text-align-center\" data-align=\"center\">7354<\/td><td class=\"has-text-align-left\" data-align=\"left\">Zuschlag f\u00fcr Domizilbehandlung (nur auf \u00e4rztliche Verordnung)<\/td><td class=\"has-text-align-left\" data-align=\"left\">34<\/td><td class=\"has-text-align-center\" data-align=\"center\">35.02 <\/td><td class=\"has-text-align-center\" data-align=\"center\">34.-<\/td><\/tr><\/tbody><\/table><\/figure>\n<!-- \/wp:table --><\/div>\n<!-- \/wp:column --><\/div>\n<!-- \/wp:columns -->\n\n<!-- wp:paragraph -->\n<p><\/p>\n<!-- \/wp:paragraph -->\n\n<!-- wp:paragraph {\"fontSize\":\"medium\"} -->\n<p class=\"has-medium-font-size\"><strong><mark style=\"background-color:rgba(0, 0, 0, 0)\" class=\"has-inline-color has-luminous-vivid-orange-color\">Behandlung ohne \u00e4rztliche Verordnung<\/mark><\/strong><\/p>\n<!-- \/wp:paragraph -->\n\n<!-- wp:paragraph -->\n<p>Wir bieten Ihnen auch die M\u00f6glichkeit ohne \u00e4rztliche Verordnung, Zugang zu physiotherapeutischen Behandlungen (Mobilisation, Massagen, Instruktion gezielter \u00dcbungen, usw.) zu erhalten, insbesondere f\u00fcr unsere bereits bekannten Patienten&nbsp;; dies als Pr\u00e4ventivmassnahmen, zur <em>Festigung der<\/em> <em>erreichten Ziele <\/em>und\/oder <em>zur Entspannung<\/em>. In diesem Fall ist die Behandlung bei jeder Sitzung in der Praxis bar zu bezahlen.<\/p>\n<!-- \/wp:paragraph -->\n\n<!-- wp:quote -->\n<blockquote class=\"wp-block-quote\"><!-- wp:paragraph -->\n<p><strong>Bitte beachten Sie dass<\/strong> <strong>Patienten mit einer \u00e4rztlichen Verordnung <strong>Priorit\u00e4t f\u00fcr die Behandlungen haben<\/strong>.<\/strong><\/p>\n<!-- \/wp:paragraph --><\/blockquote>\n<!-- \/wp:quote -->\n\n<!-- wp:paragraph -->\n<p><strong>Preise<\/strong>&nbsp;:<\/p>\n<!-- \/wp:paragraph -->\n\n<!-- wp:list -->\n<ul class=\"wp-block-list\"><!-- wp:list-item -->\n<li>Behandlung 25-30 Min&nbsp;: 60.-<\/li>\n<!-- \/wp:list-item -->\n\n<!-- wp:list-item -->\n<li>Behandlung 40-45 Min&nbsp;: 90.-<\/li>\n<!-- \/wp:list-item -->\n\n<!-- wp:list-item -->\n<li>Behandlung 55-60 Min&nbsp;: 120.-<\/li>\n<!-- \/wp:list-item --><\/ul>\n<!-- \/wp:list -->\n\n<!-- wp:paragraph -->\n<p>In diesen Preisen ist eine Erg\u00e4nzung durch Thermo- oder Elektrotherapie inbegriffen, falls angezeigt und gew\u00fcnscht.<\/p>\n<!-- \/wp:paragraph -->\n\n<!-- wp:paragraph -->\n<p>Wenn Sie sich diese Behandlung von Ihrer Zusatzversicherung zur\u00fcckerstatten lassen m\u00f6chten, empfehlen wir Ihnen, diese vorher zu kontaktieren, um eine m\u00f6gliche R\u00fcckerstattung zu besprechen, und eine schriftliche Best\u00e4tigung anzufordern, bevor Sie Ihre Sitzung vereinbaren.<\/p>\n<!-- \/wp:paragraph -->\n\n<!-- wp:paragraph -->\n<p><\/p>\n<!-- \/wp:paragraph -->\n\n<!-- wp:paragraph -->\n<p><\/p>\n<!-- \/wp:paragraph -->\n\n<!-- wp:paragraph -->\n<p><\/p>\n<!-- \/wp:paragraph -->\n\n<!-- wp:paragraph -->\n<p><\/p>\n<!-- \/wp:paragraph -->\n\n<!-- wp:paragraph -->\n<p><\/p>\n<!-- \/wp:paragraph -->\n\n<!-- wp:paragraph -->\n<p><\/p>\n<!-- \/wp:paragraph -->","_et_gb_content_width":"","_monsterinsights_skip_tracking":false,"_monsterinsights_sitenote_active":false,"_monsterinsights_sitenote_note":"","_monsterinsights_sitenote_category":0,"footnotes":""},"class_list":["post-29522","page","type-page","status-publish","hentry"],"yoast_head":"<!-- This site is optimized with the Yoast SEO plugin v27.2 - https:\/\/yoast.com\/product\/yoast-seo-wordpress\/ -->\n<title>Methoden - Physio-Harmonie S\u00e0rl - Erlach<\/title>\n<meta name=\"description\" content=\"Eine physiotherapeutische Behandlung, die auf \u00e4rztliche Verordnung durchgef\u00fchrt wird, wird von ihrer Versicherung \u00fcbernommen. Preise unten:\" \/>\n<meta name=\"robots\" content=\"index, follow, max-snippet:-1, max-image-preview:large, max-video-preview:-1\" \/>\n<link rel=\"canonical\" href=\"https:\/\/physio-harmonie.ch\/fr\/methoden\/\" \/>\n<meta property=\"og:locale\" content=\"fr_FR\" \/>\n<meta property=\"og:type\" content=\"article\" \/>\n<meta property=\"og:title\" content=\"Methoden - Physio-Harmonie S\u00e0rl - Erlach\" \/>\n<meta property=\"og:description\" content=\"Eine physiotherapeutische Behandlung, die auf \u00e4rztliche Verordnung durchgef\u00fchrt wird, wird von ihrer Versicherung \u00fcbernommen. Preise unten:\" \/>\n<meta property=\"og:url\" content=\"https:\/\/physio-harmonie.ch\/fr\/methoden\/\" \/>\n<meta property=\"og:site_name\" content=\"Physio-Harmonie S\u00e0rl\" \/>\n<meta property=\"article:modified_time\" content=\"2026-03-28T21:15:25+00:00\" \/>\n<meta name=\"twitter:card\" content=\"summary_large_image\" \/>\n<meta name=\"twitter:label1\" content=\"Dur\u00e9e de lecture estim\u00e9e\" \/>\n\t<meta name=\"twitter:data1\" content=\"1 minute\" \/>\n<script type=\"application\/ld+json\" class=\"yoast-schema-graph\">{\"@context\":\"https:\/\/schema.org\",\"@graph\":[{\"@type\":\"WebPage\",\"@id\":\"https:\/\/physio-harmonie.ch\/methoden\/\",\"url\":\"https:\/\/physio-harmonie.ch\/methoden\/\",\"name\":\"Methoden - Physio-Harmonie S\u00e0rl - Erlach\",\"isPartOf\":{\"@id\":\"https:\/\/physio-harmonie.ch\/#website\"},\"datePublished\":\"2026-03-28T21:07:29+00:00\",\"dateModified\":\"2026-03-28T21:15:25+00:00\",\"description\":\"Eine physiotherapeutische Behandlung, die auf \u00e4rztliche Verordnung durchgef\u00fchrt wird, wird von ihrer Versicherung \u00fcbernommen. Preise unten:\",\"breadcrumb\":{\"@id\":\"https:\/\/physio-harmonie.ch\/methoden\/#breadcrumb\"},\"inLanguage\":\"fr-FR\",\"potentialAction\":[{\"@type\":\"ReadAction\",\"target\":[\"https:\/\/physio-harmonie.ch\/methoden\/\"]}]},{\"@type\":\"BreadcrumbList\",\"@id\":\"https:\/\/physio-harmonie.ch\/methoden\/#breadcrumb\",\"itemListElement\":[{\"@type\":\"ListItem\",\"position\":1,\"name\":\"Accueil\",\"item\":\"https:\/\/physio-harmonie.ch\/\"},{\"@type\":\"ListItem\",\"position\":2,\"name\":\"Methoden\"}]},{\"@type\":\"WebSite\",\"@id\":\"https:\/\/physio-harmonie.ch\/#website\",\"url\":\"https:\/\/physio-harmonie.ch\/\",\"name\":\"Physio-Harmonie S\u00e0rl\",\"description\":\"Physiotherapie f\u00fcr Ihre Gesundheit\",\"publisher\":{\"@id\":\"https:\/\/physio-harmonie.ch\/#organization\"},\"alternateName\":\"Physio Harmonie\",\"potentialAction\":[{\"@type\":\"SearchAction\",\"target\":{\"@type\":\"EntryPoint\",\"urlTemplate\":\"https:\/\/physio-harmonie.ch\/?s={search_term_string}\"},\"query-input\":{\"@type\":\"PropertyValueSpecification\",\"valueRequired\":true,\"valueName\":\"search_term_string\"}}],\"inLanguage\":\"fr-FR\"},{\"@type\":\"Organization\",\"@id\":\"https:\/\/physio-harmonie.ch\/#organization\",\"name\":\"Physio-Harmonie S\u00e0rl\",\"alternateName\":\"Physio Harmonie\",\"url\":\"https:\/\/physio-harmonie.ch\/\",\"logo\":{\"@type\":\"ImageObject\",\"inLanguage\":\"fr-FR\",\"@id\":\"https:\/\/physio-harmonie.ch\/#\/schema\/logo\/image\/\",\"url\":\"https:\/\/physio-harmonie.ch\/wp-content\/uploads\/2022\/10\/Logo_Physio_Harmonie.png\",\"contentUrl\":\"https:\/\/physio-harmonie.ch\/wp-content\/uploads\/2022\/10\/Logo_Physio_Harmonie.png\",\"width\":1296,\"height\":348,\"caption\":\"Physio-Harmonie S\u00e0rl\"},\"image\":{\"@id\":\"https:\/\/physio-harmonie.ch\/#\/schema\/logo\/image\/\"}}]}<\/script>\n<!-- \/ Yoast SEO plugin. -->","yoast_head_json":{"title":"Methoden - Physio-Harmonie S\u00e0rl - Erlach","description":"Eine physiotherapeutische Behandlung, die auf \u00e4rztliche Verordnung durchgef\u00fchrt wird, wird von ihrer Versicherung \u00fcbernommen. Preise unten:","robots":{"index":"index","follow":"follow","max-snippet":"max-snippet:-1","max-image-preview":"max-image-preview:large","max-video-preview":"max-video-preview:-1"},"canonical":"https:\/\/physio-harmonie.ch\/fr\/methoden\/","og_locale":"fr_FR","og_type":"article","og_title":"Methoden - Physio-Harmonie S\u00e0rl - Erlach","og_description":"Eine physiotherapeutische Behandlung, die auf \u00e4rztliche Verordnung durchgef\u00fchrt wird, wird von ihrer Versicherung \u00fcbernommen. Preise unten:","og_url":"https:\/\/physio-harmonie.ch\/fr\/methoden\/","og_site_name":"Physio-Harmonie S\u00e0rl","article_modified_time":"2026-03-28T21:15:25+00:00","twitter_card":"summary_large_image","twitter_misc":{"Dur\u00e9e de lecture estim\u00e9e":"1 minute"},"schema":{"@context":"https:\/\/schema.org","@graph":[{"@type":"WebPage","@id":"https:\/\/physio-harmonie.ch\/methoden\/","url":"https:\/\/physio-harmonie.ch\/methoden\/","name":"Methoden - Physio-Harmonie S\u00e0rl - Erlach","isPartOf":{"@id":"https:\/\/physio-harmonie.ch\/#website"},"datePublished":"2026-03-28T21:07:29+00:00","dateModified":"2026-03-28T21:15:25+00:00","description":"Eine physiotherapeutische Behandlung, die auf \u00e4rztliche Verordnung durchgef\u00fchrt wird, wird von ihrer Versicherung \u00fcbernommen. Preise unten:","breadcrumb":{"@id":"https:\/\/physio-harmonie.ch\/methoden\/#breadcrumb"},"inLanguage":"fr-FR","potentialAction":[{"@type":"ReadAction","target":["https:\/\/physio-harmonie.ch\/methoden\/"]}]},{"@type":"BreadcrumbList","@id":"https:\/\/physio-harmonie.ch\/methoden\/#breadcrumb","itemListElement":[{"@type":"ListItem","position":1,"name":"Accueil","item":"https:\/\/physio-harmonie.ch\/"},{"@type":"ListItem","position":2,"name":"Methoden"}]},{"@type":"WebSite","@id":"https:\/\/physio-harmonie.ch\/#website","url":"https:\/\/physio-harmonie.ch\/","name":"Physio-Harmonie S\u00e0rl","description":"Physiotherapie f\u00fcr Ihre Gesundheit","publisher":{"@id":"https:\/\/physio-harmonie.ch\/#organization"},"alternateName":"Physio Harmonie","potentialAction":[{"@type":"SearchAction","target":{"@type":"EntryPoint","urlTemplate":"https:\/\/physio-harmonie.ch\/?s={search_term_string}"},"query-input":{"@type":"PropertyValueSpecification","valueRequired":true,"valueName":"search_term_string"}}],"inLanguage":"fr-FR"},{"@type":"Organization","@id":"https:\/\/physio-harmonie.ch\/#organization","name":"Physio-Harmonie S\u00e0rl","alternateName":"Physio Harmonie","url":"https:\/\/physio-harmonie.ch\/","logo":{"@type":"ImageObject","inLanguage":"fr-FR","@id":"https:\/\/physio-harmonie.ch\/#\/schema\/logo\/image\/","url":"https:\/\/physio-harmonie.ch\/wp-content\/uploads\/2022\/10\/Logo_Physio_Harmonie.png","contentUrl":"https:\/\/physio-harmonie.ch\/wp-content\/uploads\/2022\/10\/Logo_Physio_Harmonie.png","width":1296,"height":348,"caption":"Physio-Harmonie S\u00e0rl"},"image":{"@id":"https:\/\/physio-harmonie.ch\/#\/schema\/logo\/image\/"}}]}},"_links":{"self":[{"href":"https:\/\/physio-harmonie.ch\/fr\/wp-json\/wp\/v2\/pages\/29522","targetHints":{"allow":["GET"]}}],"collection":[{"href":"https:\/\/physio-harmonie.ch\/fr\/wp-json\/wp\/v2\/pages"}],"about":[{"href":"https:\/\/physio-harmonie.ch\/fr\/wp-json\/wp\/v2\/types\/page"}],"author":[{"embeddable":true,"href":"https:\/\/physio-harmonie.ch\/fr\/wp-json\/wp\/v2\/users\/1"}],"replies":[{"embeddable":true,"href":"https:\/\/physio-harmonie.ch\/fr\/wp-json\/wp\/v2\/comments?post=29522"}],"version-history":[{"count":3,"href":"https:\/\/physio-harmonie.ch\/fr\/wp-json\/wp\/v2\/pages\/29522\/revisions"}],"predecessor-version":[{"id":29526,"href":"https:\/\/physio-harmonie.ch\/fr\/wp-json\/wp\/v2\/pages\/29522\/revisions\/29526"}],"wp:attachment":[{"href":"https:\/\/physio-harmonie.ch\/fr\/wp-json\/wp\/v2\/media?parent=29522"}],"curies":[{"name":"wp","href":"https:\/\/api.w.org\/{rel}","templated":true}]}}